{"id":4310,"date":"2023-03-09T08:20:47","date_gmt":"2023-03-09T08:20:47","guid":{"rendered":"https:\/\/www.assorestauro.org\/privacy-cookie-policy\/"},"modified":"2023-03-09T08:20:47","modified_gmt":"2023-03-09T08:20:47","slug":"privacy-cookie-policy","status":"publish","type":"page","link":"https:\/\/www.assorestauro.org\/en\/privacy-cookie-policy\/","title":{"rendered":"Privacy &#038; Cookie Policy"},"content":{"rendered":"<div class=\"fusion-fullwidth fullwidth-box fusion-builder-row-1 fusion-flex-container nonhundred-percent-fullwidth non-hundred-percent-height-scrolling\" style=\"--awb-border-radius-top-left:0px;--awb-border-radius-top-right:0px;--awb-border-radius-bottom-right:0px;--awb-border-radius-bottom-left:0px;--awb-flex-wrap:wrap;\" ><div class=\"fusion-builder-row fusion-row fusion-flex-align-items-flex-start fusion-flex-content-wrap\" style=\"max-width:1248px;margin-left: calc(-4% \/ 2 );margin-right: calc(-4% \/ 2 );\"><div class=\"fusion-layout-column fusion_builder_column fusion-builder-column-0 fusion_builder_column_1_1 1_1 fusion-flex-column\" style=\"--awb-bg-size:cover;--awb-width-large:100%;--awb-margin-top-large:0px;--awb-spacing-right-large:1.92%;--awb-margin-bottom-large:0px;--awb-spacing-left-large:1.92%;--awb-width-medium:100%;--awb-spacing-right-medium:1.92%;--awb-spacing-left-medium:1.92%;--awb-width-small:100%;--awb-spacing-right-small:1.92%;--awb-spacing-left-small:1.92%;\"><div class=\"fusion-column-wrapper fusion-flex-justify-content-flex-start fusion-content-layout-column\"><div class=\"fusion-text fusion-text-1\"><p class=\"rtejustify\">ASSORESTAURO si impegna a proteggere la privacy dei propri utenti. La presente Privacy Policy \u00e8 fornita in conformit\u00e0 alla legislazione dell\u2019Unione Europea sul trattamento dei dati personali ed al Codice privacy italiano (D.Lgs 196\/2003) ed alla normativa europea di cui al Regolamento UE n.2016\/679 (GDPR).<br \/>Nella presente informativa sulla privacy vengono descritti i meccanismi di raccolta e trattamento dei dati adottati da ASSORESTAURO per quanto attiene gli utenti che si sono registrati al sito internet\u00a0<a href=\"https:\/\/www.assorestauro.org\/en\/\">www.assorestauro.org<\/a>\u00a0e per coloro che, in qualit\u00e0 di Soci, hanno accesso all\u2019area riservata.<\/p>\n<p class=\"rtejustify\"><strong>Raccolta dei dati personali<\/strong><br \/>La registrazione al presente Sito presuppone il consenso alla raccolta e al trattamento dei dati personali, secondo le modalit\u00e0 descritte nella presente informativa sulla privacy.<br \/>I dati raccolti consentono all\u2019utente di usufruire di un servizio informativo, e in particolare di ricevere informazioni tramite newsletter sulle attivit\u00e0 e le iniziative svolte dall\u2019Associazione.<br \/>L\u2019accesso all\u2019Area Riservata riguarda esclusivamente i Soci di Assorestauro e le modalit\u00e0 sono gestite direttamente dalla Segreteria dell\u2019Associazione nel rispetto della normativa vigente in tema di raccolta e trattamento dei dati personali, e secondo quanto definito dalla normativa vigente.<\/p>\n<p class=\"rtejustify\">Nel Sito possono essere raccolte in modo automatico alcune informazioni relative alle pagine visitate, ad esempio il nome del provider di servizi Internet e l\u2019indirizzo IP (Protocollo Internet) attraverso cui l\u2019utente accede a Internet; la data e l\u2019ora di accesso al Sito; le pagine visitate dagli utenti all\u2019interno del Sito e l\u2019indirizzo Internet dal quale l\u2019utente ha effettuato l\u2019accesso diretto al Sito. Tali informazioni vengono raccolte esclusivamente ai fini statistici, per analizzare l\u2019attenzione da parte degli utenti al mondo associativo, oltre che per migliorare il servizio informativo offerto.<\/p>\n<p class=\"rtejustify\"><strong>Utilizzo e controllo dei dati personali<\/strong><br \/>I dati personali raccolti sul presente sito \u2013\u00a0<a href=\"https:\/\/www.assorestauro.org\/en\/\">www.assorestauro.org<\/a>\u00a0&#8211; verranno utilizzati per erogare i servizi informativi richiesti o autorizzati dall\u2019utente.<br \/>Fatte salve le diverse previsioni contenute nella presente informativa, i dati personali raccolti non verranno diffusi n\u00e9 comunicati all\u2019esterno di ASSORESTAURO senza l\u2019espressa autorizzazione dell\u2019utente. Assorestauro si impegna ad utilizzare tali dati \u00a0esclusivamente per le finalit\u00e0 sopraindicate.<\/p>\n<p class=\"rtejustify\"><strong>Accettazione della Privacy Policy e successive Modifiche<\/strong><br \/>Completando la registrazione, dando consenso all\u2019utilizzo dei propri dati, accedendo e utilizzando il Sito\u00a0<a href=\"https:\/\/www.assorestauro.org\/en\/\">www.assorestauro.org<\/a>, viene dato il proprio consenso a che ASSORESTAURO possa trattare i dati personali nei limiti stabiliti da questa Privacy Policy.<br \/>Gli utenti potranno esercitare tutti i diritti di cui all\u2019art. 7 del D.Lgs. 196\/03, tra cui: il diritto di ottenere da Assorestauro la conferma dell\u2019esistenza di trattamenti dei dati; di avere conoscenza dell\u2019origine dei dati, nonch\u00e9 della logica e delle finalit\u00e0 del trattamento; di ottenere la cancellazione, la trasformazione in forma anonima o il blocco dei dati trattati in violazione di legge, nonch\u00e9 l\u2019aggiornamento, la rettifica o, se vi \u00e8 interesse, l\u2019integrazione dei dati; di opporsi, per motivi legittimi, al trattamento; di opporsi a che tali dati vengano utilizzati ai fini di informazione commerciale, pubblicitaria o di marketing.<br \/>Gli utenti registrati che desiderano cancellare la propria registrazione potranno farlo richiedendolo alla email\u00a0<a href=\"mailto:segreteria@assorestauro.org\">segreteria@assorestauro.org<\/a><\/p>\n<p class=\"rtejustify\"><strong>Titolare del Trattamento<\/strong>\u00a0\u00e8 ASSORESTAURO con sede in Via Boccaccio 14, 20123, Milano.<\/p>\n<p class=\"rtejustify\"><strong>Protezione dei dati personali<\/strong><br \/>ASSORESTAURO \u00e8 impegnata a proteggere incondizionatamente la riservatezza dei dati personali. Specifiche misure di sicurezza sono osservate per prevenire la perdita dei dati, usi illeciti o non corretti ed accessi non autorizzati.<\/p>\n<p class=\"rtejustify\"><strong>Minori<\/strong><br \/>ASSORESTAURO non utilizza consapevolmente il proprio sito web per richiedere dati a minori di 18 anni.<\/p>\n<p class=\"rtejustify\">\u00a0<\/p>\n<h2 class=\"rtejustify wp-block-heading\">COOKIE POLICY<\/h2>\n<p class=\"rtejustify\">Per funzionare correttamente, questo sito potrebbe installare dei piccoli file di dati che si chiamano \u201ccookie&#8221;.<br \/>Il sito utilizza esclusivamente cookie tecnici per il corretto funzionamento e le impostazioni di base (es. lingua, login e altre impostazioni di visualizzazione).<br \/>L&#8217;uso di cookies tecnici (che non vengono memorizzati in modo persistente) \u00e8 strettamente limitato alla trasmissione di identificativi di sessione (costituiti da numeri casuali generati dal server) necessari per consentire l&#8217;esplorazione sicura ed efficiente del sito.\u00a0<br \/><strong>Nessun dato personale degli utenti viene acquisito dal sito senza il vostro consenso.\u00a0<\/strong><br \/>Non viene fatto uso di cookies per la trasmissione di informazioni di carattere personale (per profilazione).<\/p>\n<p class=\"rtejustify\"><strong>Cookie di terze parti<\/strong><br \/>Il sito che sta navigando utilizza strumenti di analisi forniti da Google Analytics per tracciare dati statistici in forma aggregata. Se si preferisce restringere, bloccare o cancellare i cookie di questo sito, \u00e8 possibile farlo modificando la configurazione del proprio browser su computer e dispositivi mobile.<br \/>Scegliendo di disabilitare i cookie non sar\u00e0 per\u00f2 pi\u00f9 possibile sfruttare tutte le funzionalit\u00e0 del sito.<\/p>\n<p class=\"rtejustify\"><strong>Disattivazione dei cookie<\/strong><br \/>L&#8217;utente pu\u00f2 disattivare i cookie, impostando opportunamente le propriet\u00e0 di privacy del proprio browser.<\/p>\n<p class=\"rtejustify\">Microsoft Internet Explorer:\u00a0<a href=\"http:\/\/windows.microsoft.com\/...%C2%A0\">http:\/\/windows.microsoft.com\/&#8230;\u00a0<\/a><br \/>Mozilla Firefox:\u00a0<a href=\"https:\/\/support.mozilla.org\/it\/kb\/...%C2%A0\">https:\/\/support.mozilla.org\/it\/kb\/&#8230;\u00a0<\/a><br \/>Google Chrome:\u00a0<a href=\"https:\/\/support.google.com\/accounts\/answer\/61416?hl=it%C2%A0\">https:\/\/support.google.com\/accounts\/answer\/61416?hl=it\u00a0<\/a><br \/>Safari:\u00a0<a href=\"http:\/\/www.apple.com\/legal\/privacy\/it\/cookies\/%C2%A0\">http:\/\/www.apple.com\/legal\/privacy\/it\/cookies\/\u00a0<\/a><br \/>Opera:\u00a0<a href=\"http:\/\/help.opera.com\/Windows\/12.10\/it\/cookies.html%C2%A0\">http:\/\/help.opera.com\/Windows\/12.10\/it\/cookies.html\u00a0<\/a><\/p>\n<p class=\"rtejustify\">In qualsiasi momento l&#8217;utente potr\u00e0 cancellare i cookie dal disco fisso del computer.<br \/>Questo sito pu\u00f2 utilizzare anche in modo non costante video, servizi e contenuti di social network e in base all&#8217;occorrenza contenuti incorporabili di altri siti o servizi.\u00a0<br \/>Vi invitiamo a informarvi direttamente presso ogni terza parte.<\/p>\n<p class=\"rtejustify\">Google:\u00a0<a href=\"https:\/\/www.google.com\/intl\/it_it\/policies\/privacy\/\">https:\/\/www.google.com\/intl\/it_it\/policies\/privacy\/<\/a><br \/>Youtube:\u00a0<a href=\"https:\/\/www.google.it\/intl\/it\/policies\/privacy\/\">https:\/\/www.google.it\/intl\/it\/policies\/privacy\/<\/a><br \/>Facebook:\u00a0<a href=\"https:\/\/www.facebook.com\/help\/cookies\/\">https:\/\/www.facebook.com\/help\/cookies\/<\/a><br \/>Twitter:\u00a0<a href=\"https:\/\/twitter.com\/privacy\">https:\/\/twitter.com\/privacy<\/a><br \/>Vimeo:\u00a0<a href=\"https:\/\/vimeo.com\/cookie_policy\">https:\/\/vimeo.com\/cookie_policy<\/a><\/p>\n<h3 class=\"rtejustify\">Ulteriori Informazioni<\/h3>\n<p class=\"rtejustify\">Sito Ufficiale Garante per la protezione dei dati personali<br \/><a href=\"http:\/\/www.garanteprivacy.it\/\">http:\/\/www.garanteprivacy.it\/<\/a><br \/>Diritti e prevenzione: come tutelare la tua privacy<br \/><a href=\"http:\/\/www.garanteprivacy.it\/home\/diritti\">http:\/\/www.garanteprivacy.it\/home\/diritti<\/a><br \/>Doveri e responsabilit\u00e0: Come trattare i dati degli altri<br \/><a href=\"http:\/\/www.garanteprivacy.it\/home\/doveri\">http:\/\/www.garanteprivacy.it\/home\/doveri<\/a><\/p>\n<h3 class=\"rtejustify\">Cookie e privacy: istruzioni per l&#8217;uso<\/h3>\n<p class=\"rtejustify\"><a href=\"http:\/\/www.garanteprivacy.it\/cookie\">http:\/\/www.garanteprivacy.it\/cookie<\/a><br \/>FAQ in materia di Cookie<br \/><a href=\"http:\/\/www.garanteprivacy.it\/web\/guest\/home\/docweb\/-\/docweb-display\/docweb\/2142939\">http:\/\/www.garanteprivacy.it\/web\/guest\/home\/docweb\/-\/docweb-display\/docw&#8230;<\/a><br \/>Internet: Garante privacy, no ai cookie per profilazione senza consenso<br \/><a href=\"http:\/\/www.garanteprivacy.it\/web\/guest\/home\/docweb\/-\/docweb-display\/docweb\/3167231\">http:\/\/www.garanteprivacy.it\/web\/guest\/home\/docweb\/-\/docweb-display\/docw&#8230;<\/a><\/p>\n<h3 class=\"rtejustify\">Per saperne di pi\u00f9 sui cookie e sul loro funzionamento<\/h3>\n<p class=\"rtejustify\"><a href=\"http:\/\/www.allaboutcookies.org\/\">http:\/\/www.allaboutcookies.org<\/a>\u200b<br \/>oppure<br \/><a href=\"http:\/\/www.youronlinechoices.eu\/\">http:\/\/www.youronlinechoices.eu<\/a><\/p>\n<p>&nbsp;<\/p>\n<\/div><div class=\"fusion-text fusion-text-2\"><h3 class=\"rtejustify\">Cookies presenti sul sito<\/h3>\n<\/div><script type=\"text\/javascript\" charset=\"UTF-8\"  data-cookiescriptreport=\"report\" src=\"\/\/report.cookie-script.com\/r\/a21824671a826c64d97bd85bc6908cb1.js\"><\/script><\/div><\/div><\/div><\/div>","protected":false},"excerpt":{"rendered":"","protected":false},"author":1,"featured_media":0,"parent":0,"menu_order":0,"comment_status":"closed","ping_status":"closed","template":"","meta":{"inline_featured_image":false,"footnotes":""},"_links":{"self":[{"href":"https:\/\/www.assorestauro.org\/en\/wp-json\/wp\/v2\/pages\/4310"}],"collection":[{"href":"https:\/\/www.assorestauro.org\/en\/wp-json\/wp\/v2\/pages"}],"about":[{"href":"https:\/\/www.assorestauro.org\/en\/wp-json\/wp\/v2\/types\/page"}],"author":[{"embeddable":true,"href":"https:\/\/www.assorestauro.org\/en\/wp-json\/wp\/v2\/users\/1"}],"replies":[{"embeddable":true,"href":"https:\/\/www.assorestauro.org\/en\/wp-json\/wp\/v2\/comments?post=4310"}],"version-history":[{"count":0,"href":"https:\/\/www.assorestauro.org\/en\/wp-json\/wp\/v2\/pages\/4310\/revisions"}],"wp:attachment":[{"href":"https:\/\/www.assorestauro.org\/en\/wp-json\/wp\/v2\/media?parent=4310"}],"curies":[{"name":"wp","href":"https:\/\/api.w.org\/{rel}","templated":true}]}}